{"id":105,"date":"2017-01-31T09:35:03","date_gmt":"2017-01-31T08:35:03","guid":{"rendered":"http:\/\/localhost\/wordpress\/?page_id=105"},"modified":"2021-02-14T17:04:35","modified_gmt":"2021-02-14T16:04:35","slug":"bureau-et-representations","status":"publish","type":"page","link":"https:\/\/fiep-ifpe.org\/index.php\/bureau-et-representations\/","title":{"rendered":"Bureau et Repr\u00e9sentations"},"content":{"rendered":"<p><span style=\"text-decoration: underline;\">Elus par le CA r\u00e9uni le 17 d\u00e9cembre 2016, valid\u00e9s par le CA du 25 mars 2017<\/span><\/p>\n<h4><u><strong>BUREAU:<\/strong><\/u><\/h4>\n<p><strong>Pr\u00e9sidente\u00a0: <\/strong>Marie-Martine BERNARD (France)<\/p>\n<p><strong>Vice-Pr\u00e9sidents\u00a0:\u00a0 <\/strong><\/p>\n<p>Houda BEN YOUSSEF (Tunisie)<\/p>\n<p>Luc DUPONT (Canada\/Luxembourg)<\/p>\n<p><strong>Secr\u00e9taire G\u00e9n\u00e9rale\u00a0: <\/strong>Hana BEN AZOUZ (France)<\/p>\n<p><strong>Tr\u00e9sorier\u00a0: <\/strong>Habib ABDENNEBI (France)<\/p>\n<h4><strong><u>ADMINISTRATEURS CORRESPONDANTS DES REGIONS<\/u><\/strong><\/h4>\n<ul>\n<li style=\"padding-left: 30px;\"><strong>Am\u00e9rique du Nord :<\/strong>\n<ul>\n<li style=\"padding-left: 30px;list-style-type: circle;\"><strong>Canada : <\/strong>\u00a0P. Luc DUPONT<strong>, Suppl\u00e9ante\u00a0: <\/strong>Joanne PHARAND<\/li>\n<li style=\"padding-left: 30px;list-style-type: circle;\"><strong>U.S.A\u00a0: <\/strong>Eve SULLIVAN<strong>, Suppl\u00e9ante\u00a0: <\/strong>Joanne PHARAND<\/li>\n<\/ul>\n<\/li>\n<li style=\"padding-left: 30px;\"><strong>Afrique du Nord\u00a0:<\/strong>\n<ul>\n<li style=\"padding-left: 30px;list-style-type: circle;\"><strong>Maroc : <\/strong>T\u00e9ba LEBENIOURY et Khadija OUZZIF<\/li>\n<li style=\"padding-left: 30px;list-style-type: circle;\"><strong>Tunisie\u00a0:\u00a0<\/strong>Houda BEN YOUSSEF<\/li>\n<\/ul>\n<\/li>\n<\/ul>\n<ul>\n<li style=\"padding-left: 30px;\"><strong>Afrique Subsaharienne\u00a0:\u00a0<\/strong>Aminata DIALLO, <strong>Suppl\u00e9ante\u00a0: <\/strong>Anne ROSAT<\/li>\n<li style=\"padding-left: 30px;\"><strong>R\u00e9gion Arabe\u00a0:<\/strong>\u00a0Houda Ben Youssef<\/li>\n<\/ul>\n<p><strong>\u00a0<\/strong><\/p>\n<h4><strong><u>ADMINISTRATEURS DELEGUES AUPRES DES INSTANCES INTERNATIONALES<\/u><\/strong><\/h4>\n<p><strong>Conseil de l\u2019Europe\u00a0: <\/strong>P.L DUPONT<\/p>\n<p><strong>Comit\u00e9 de Vienne pour la Famille\u00a0: <\/strong>Mary CROWLEY<\/p>\n<p><strong>EcoSoc Gen\u00e8ve\u00a0: <\/strong>Fethi BEN MESSAOUD,<strong>\u00a0Suppl\u00e9ante\u00a0:\u00a0<\/strong>Nabila ESSAKALI<\/p>\n<p><strong>EcoSoc New York : <\/strong>Eve SULLIVAN<\/p>\n<p><strong>UNESCO Paris : <\/strong>Mary CROWLEY<strong>\u00a0 \u00a0 \u00a0 \u00a0 \u00a0 \u00a0 \u00a0 \u00a0 \u00a0 \u00a0 \u00a0 \u00a0 \u00a0 \u00a0 \u00a0<\/strong><\/p>\n<p><strong>UNICEF Paris: <\/strong>Bernadette PUISEUX<\/p>\n<h4><strong>WEBMASTER :<\/strong><strong> \u00a0<\/strong>Emna MOLINIER (France)<\/h4>\n","protected":false},"excerpt":{"rendered":"<p>Elus par le CA r\u00e9uni le 17 d\u00e9cembre 2016, valid\u00e9s par le CA du 25 mars 2017 BUREAU: Pr\u00e9sidente\u00a0: Marie-Martine BERNARD (France) Vice-Pr\u00e9sidents\u00a0:\u00a0 Houda BEN YOUSSEF (Tunisie) Luc DUPONT (Canada\/Luxembourg) Secr\u00e9taire G\u00e9n\u00e9rale\u00a0: Hana BEN AZOUZ (France) Tr\u00e9sorier\u00a0: Habib ABDENNEBI (France) ADMINISTRATEURS CORRESPONDANTS DES REGIONS Am\u00e9rique du Nord : Canada : \u00a0P. Luc DUPONT, Suppl\u00e9ante\u00a0: Joanne\u2026 <span class=\"read-more\"><a href=\"https:\/\/fiep-ifpe.org\/index.php\/bureau-et-representations\/\">Lire la suite &raquo;<\/a><\/span><\/p>\n","protected":false},"author":1,"featured_media":0,"parent":0,"menu_order":0,"comment_status":"closed","ping_status":"closed","template":"","meta":[],"_links":{"self":[{"href":"https:\/\/fiep-ifpe.org\/index.php\/wp-json\/wp\/v2\/pages\/105"}],"collection":[{"href":"https:\/\/fiep-ifpe.org\/index.php\/wp-json\/wp\/v2\/pages"}],"about":[{"href":"https:\/\/fiep-ifpe.org\/index.php\/wp-json\/wp\/v2\/types\/page"}],"author":[{"embeddable":true,"href":"https:\/\/fiep-ifpe.org\/index.php\/wp-json\/wp\/v2\/users\/1"}],"replies":[{"embeddable":true,"href":"https:\/\/fiep-ifpe.org\/index.php\/wp-json\/wp\/v2\/comments?post=105"}],"version-history":[{"count":6,"href":"https:\/\/fiep-ifpe.org\/index.php\/wp-json\/wp\/v2\/pages\/105\/revisions"}],"predecessor-version":[{"id":338,"href":"https:\/\/fiep-ifpe.org\/index.php\/wp-json\/wp\/v2\/pages\/105\/revisions\/338"}],"wp:attachment":[{"href":"https:\/\/fiep-ifpe.org\/index.php\/wp-json\/wp\/v2\/media?parent=105"}],"curies":[{"name":"wp","href":"https:\/\/api.w.org\/{rel}","templated":true}]}}