{"id":138,"date":"2017-02-10T15:12:29","date_gmt":"2017-02-10T14:12:29","guid":{"rendered":"https:\/\/fiep-ifpe.molinier.eu\/?page_id=138"},"modified":"2022-12-24T09:15:54","modified_gmt":"2022-12-24T08:15:54","slug":"agenda-des-reunions","status":"publish","type":"page","link":"https:\/\/fiep-ifpe.org\/index.php\/agenda-des-reunions\/","title":{"rendered":"Agenda des r\u00e9unions"},"content":{"rendered":"<ul>\n<li><em><span style=\"color: #16a2e7;\"><strong>AG <\/strong>:\u00a0 le 25 et 26 novembre 2022 \u00e0 S\u00e8vres, \u00e9lections du CA et du Bureau.<\/span><\/em><\/li>\n<li class=\"m_8333062424000725691MsoListParagraph\">Entretiens par courriels, r\u00e9unions de travail CA\/ Bureau<i>\u00a0<\/i>:\u00a03 octobre 2022, 29 octobre 2022, 8 novembre 2022.<\/li>\n<li class=\"m_8333062424000725691MsoListParagraph\"><b>AG\u00a0:\u00a0<\/b>29 juin 2022 en Tunisie, report\u00e9e.<\/li>\n<li class=\"m_8333062424000725691MsoListParagraph\">Entretiens par courriels, r\u00e9unions de travail CA\/ Bureau<i>\u00a0<\/i>:<i>\u00a0<\/i>25 et 23 octobre 2020,\u00a029 avril 2021, 20 f\u00e9vrier 2022, 12 avril 2022, 17 mai 2022.<\/li>\n<li><strong><em>AG\u00a0<\/em><\/strong><em>:\u00a0 1er juin 2020 (report\u00e9e \u00e0 une date ult\u00e9rieure d\u00e8s que la situation sanitaire le permettra).<\/em><\/li>\n<li><b>CA\u00a0<\/b>: 25 octobre 2019\u00a0palliant l\u2019AG initialement pr\u00e9vue et la reportant au 1<sup>er<\/sup>\u00a0juin 2020.<\/li>\n<li><b>CA\u00a0<\/b>: 18 juin 2019\u00a0: report au 25 octobre 2019 de l\u2019AG triennale du 13 septembre 2019.<\/li>\n<li><b>Bureau<\/b>\u00a0: 25 mars 2019\u00a0: fixe un CA au 18 juin 2019 et l\u2019AG triennale au 13 septembre 2019.<\/li>\n<li><b>AG\/CA\u00a0<\/b>: 26 octobre 2018\u00a0: rappelle que l\u2019AG triennale (Renouvellement des membres du CA, puis du Bureau), \u00e9ventuellement rattach\u00e9e \u00e0 une Journ\u00e9e d\u2019Etude appropri\u00e9e, devra se tenir au second semestre 2019\u00a0; qu\u2019elle sera pr\u00e9c\u00e9d\u00e9e de r\u00e9unions de travail d\u00e9di\u00e9es fix\u00e9es par le Bureau.<\/li>\n<li><strong>AG<\/strong> \u00a0: 7 octobre 2017<\/li>\n<li><strong>CA<\/strong>\u00a0 : 27 mai 2017<\/li>\n<li><strong>CA<\/strong>\u00a0 : 25 mars 2017<\/li>\n<li><b>AG<\/b>\u00a0(triennale) : 17 d\u00e9cembre 2016<\/li>\n<\/ul>\n","protected":false},"excerpt":{"rendered":"<p>AG :\u00a0 le 25 et 26 novembre 2022 \u00e0 S\u00e8vres, \u00e9lections du CA et du Bureau. Entretiens par courriels, r\u00e9unions de travail CA\/ Bureau\u00a0:\u00a03 octobre 2022, 29 octobre 2022, 8 novembre 2022. AG\u00a0:\u00a029 juin 2022 en Tunisie, report\u00e9e. Entretiens par courriels, r\u00e9unions de travail CA\/ Bureau\u00a0:\u00a025 et 23 octobre 2020,\u00a029 avril 2021, 20 f\u00e9vrier 2022,\u2026 <span class=\"read-more\"><a href=\"https:\/\/fiep-ifpe.org\/index.php\/agenda-des-reunions\/\">Lire la suite &raquo;<\/a><\/span><\/p>\n","protected":false},"author":1,"featured_media":0,"parent":0,"menu_order":0,"comment_status":"closed","ping_status":"closed","template":"","meta":[],"_links":{"self":[{"href":"https:\/\/fiep-ifpe.org\/index.php\/wp-json\/wp\/v2\/pages\/138"}],"collection":[{"href":"https:\/\/fiep-ifpe.org\/index.php\/wp-json\/wp\/v2\/pages"}],"about":[{"href":"https:\/\/fiep-ifpe.org\/index.php\/wp-json\/wp\/v2\/types\/page"}],"author":[{"embeddable":true,"href":"https:\/\/fiep-ifpe.org\/index.php\/wp-json\/wp\/v2\/users\/1"}],"replies":[{"embeddable":true,"href":"https:\/\/fiep-ifpe.org\/index.php\/wp-json\/wp\/v2\/comments?post=138"}],"version-history":[{"count":8,"href":"https:\/\/fiep-ifpe.org\/index.php\/wp-json\/wp\/v2\/pages\/138\/revisions"}],"predecessor-version":[{"id":384,"href":"https:\/\/fiep-ifpe.org\/index.php\/wp-json\/wp\/v2\/pages\/138\/revisions\/384"}],"wp:attachment":[{"href":"https:\/\/fiep-ifpe.org\/index.php\/wp-json\/wp\/v2\/media?parent=138"}],"curies":[{"name":"wp","href":"https:\/\/api.w.org\/{rel}","templated":true}]}}