{"id":58,"date":"2017-01-29T11:34:00","date_gmt":"2017-01-29T10:34:00","guid":{"rendered":"http:\/\/localhost\/wordpress\/?page_id=58"},"modified":"2021-02-14T17:04:35","modified_gmt":"2021-02-14T16:04:35","slug":"conseil-dadministration","status":"publish","type":"page","link":"https:\/\/fiep-ifpe.org\/index.php\/conseil-dadministration\/","title":{"rendered":"Conseil d&rsquo;Administration"},"content":{"rendered":"<h4>Administrateurs \u00e9lus par l\u2019Assembl\u00e9e g\u00e9n\u00e9rale triennale r\u00e9unie le 17 d\u00e9cembre 2016\u00a0:<\/h4>\n<ul>\n<li style=\"padding-left: 30px;\">ABDENNEBI\u00a0Habib (France)<\/li>\n<li style=\"padding-left: 30px;\">BEN AZOUZ Hana (Tunisie)<\/li>\n<li style=\"padding-left: 30px;\">BEN MESSAOUD Fethi (Tunisie)<\/li>\n<li style=\"padding-left: 30px;\">BEN YOUSSEF Houda (Tunisie)<\/li>\n<li style=\"padding-left: 30px;\">BERNARD Marie-Martine (France)<\/li>\n<li style=\"padding-left: 30px;\">CROWLEY Mary (Grande Bretagne)<\/li>\n<li style=\"padding-left: 30px;\">DIALLO Aminata (Burkina-Faso)<\/li>\n<li style=\"padding-left: 30px;\">DUPONT P.Luc (Canada\/Luxembourg)<\/li>\n<li style=\"padding-left: 30px;\">ESSKALI Nabila (Maroc)<\/li>\n<li style=\"padding-left: 30px;\">LABOUREUR Monique (Belgique)<\/li>\n<li style=\"padding-left: 30px;\">LALOUM\u00a0Lyliane (Isra\u00ebl)<\/li>\n<li style=\"padding-left: 30px;\">LEBENIOURY T\u00e9ba (Maroc)<\/li>\n<li style=\"padding-left: 30px;\">OUZZIF Khadija (Maroc)<\/li>\n<li style=\"padding-left: 30px;\">PHARAND Joanne (Canada)<\/li>\n<li style=\"padding-left: 30px;\">PUISEUX Bernadette (France)<\/li>\n<li style=\"padding-left: 30px;\">ROSAT Anne (Suisse)<\/li>\n<li style=\"padding-left: 30px;\">SULLIVAN Eve (U.S.A)<\/li>\n<\/ul>\n<h4>Administratrice coopt\u00e9e par le CA du 25 mars 2017\u00a0:<\/h4>\n<ul>\n<li style=\"padding-left: 30px;\">ALSAKKA Samira (Alg\u00e9rie)<\/li>\n<\/ul>\n<h4>Administratrice d\u00e9missionnaire post-CA du 25 mars 2017\u00a0:<\/h4>\n<ul>\n<li style=\"padding-left: 30px;\">LABOUREUR Monique : \u271e le 15 octobre 2017<\/li>\n<\/ul>\n<p style=\"font-weight: 400;\"><strong>Administratrice coopt\u00e9e par le CA du 7 octobre 2017\u00a0:<\/strong><\/p>\n<ul>\n<li style=\"font-weight: 400;\">\u00a0 \u00a0 \u00a0 BEN AZOUZ Eya (France)<\/li>\n<\/ul>\n","protected":false},"excerpt":{"rendered":"<p>Administrateurs \u00e9lus par l\u2019Assembl\u00e9e g\u00e9n\u00e9rale triennale r\u00e9unie le 17 d\u00e9cembre 2016\u00a0: ABDENNEBI\u00a0Habib (France) BEN AZOUZ Hana (Tunisie) BEN MESSAOUD Fethi (Tunisie) BEN YOUSSEF Houda (Tunisie) BERNARD Marie-Martine (France) CROWLEY Mary (Grande Bretagne) DIALLO Aminata (Burkina-Faso) DUPONT P.Luc (Canada\/Luxembourg) ESSKALI Nabila (Maroc) LABOUREUR Monique (Belgique) LALOUM\u00a0Lyliane (Isra\u00ebl) LEBENIOURY T\u00e9ba (Maroc) OUZZIF Khadija (Maroc) PHARAND Joanne (Canada)\u2026 <span class=\"read-more\"><a href=\"https:\/\/fiep-ifpe.org\/index.php\/conseil-dadministration\/\">Lire la suite &raquo;<\/a><\/span><\/p>\n","protected":false},"author":1,"featured_media":0,"parent":0,"menu_order":0,"comment_status":"closed","ping_status":"closed","template":"","meta":[],"_links":{"self":[{"href":"https:\/\/fiep-ifpe.org\/index.php\/wp-json\/wp\/v2\/pages\/58"}],"collection":[{"href":"https:\/\/fiep-ifpe.org\/index.php\/wp-json\/wp\/v2\/pages"}],"about":[{"href":"https:\/\/fiep-ifpe.org\/index.php\/wp-json\/wp\/v2\/types\/page"}],"author":[{"embeddable":true,"href":"https:\/\/fiep-ifpe.org\/index.php\/wp-json\/wp\/v2\/users\/1"}],"replies":[{"embeddable":true,"href":"https:\/\/fiep-ifpe.org\/index.php\/wp-json\/wp\/v2\/comments?post=58"}],"version-history":[{"count":3,"href":"https:\/\/fiep-ifpe.org\/index.php\/wp-json\/wp\/v2\/pages\/58\/revisions"}],"predecessor-version":[{"id":356,"href":"https:\/\/fiep-ifpe.org\/index.php\/wp-json\/wp\/v2\/pages\/58\/revisions\/356"}],"wp:attachment":[{"href":"https:\/\/fiep-ifpe.org\/index.php\/wp-json\/wp\/v2\/media?parent=58"}],"curies":[{"name":"wp","href":"https:\/\/api.w.org\/{rel}","templated":true}]}}