{"id":94,"date":"2017-01-29T14:48:24","date_gmt":"2017-01-29T13:48:24","guid":{"rendered":"http:\/\/localhost\/wordpress\/?page_id=94"},"modified":"2021-02-14T17:04:35","modified_gmt":"2021-02-14T16:04:35","slug":"liens-utiles","status":"publish","type":"page","link":"https:\/\/fiep-ifpe.org\/index.php\/liens-utiles\/","title":{"rendered":"Liens Utiles"},"content":{"rendered":"<p><strong>AEDE<\/strong>, Agir ensemble pour les droits de l\u2019enfant : <a href=\"http:\/\/www.collectif-aede.org\">www.collectif-aede.org<\/a> &amp; Page Facebook : <a href=\"http:\/\/www.facebook.com\/collectifaede\">www.facebook.com\/collectifaede<\/a><\/p>\n<p><strong>Association Ma\u00efa<\/strong> (Burkina-Faso) : <a href=\"http:\/\/www.associationmaia.org\/\">http:\/\/www.associationmaia.org\/<\/a>\u00a0 &amp;\u00a0 <a href=\"http:\/\/www.maia-suisse.ch\">www.maia-suisse.ch<\/a><\/p>\n<p><strong>Conseil de l\u2019Europe<\/strong> : <a href=\"http:\/\/www.coe.int\/fr\/web\/portal\/home\">http:\/\/www.coe.int\/fr\/web\/portal\/home<\/a><\/p>\n<p><strong>DEI-F : <\/strong>D\u00e9fense des Enfants International\u00a0: \u00a0<a href=\"http:\/\/www.dei-france.org\/-Contacts-.html\">http:\/\/www.dei-france.org\/-Contacts-.html<\/a><\/p>\n<p><strong>D\u00e9fenseur des Droits<\/strong> : <a href=\"http:\/\/www.defenseurdesdroits.fr\/\">http:\/\/www.defenseurdesdroits.fr\/<\/a><\/p>\n<p><strong>FAPE: <\/strong>F\u00e9d\u00e9ration Africaine des associations des parents d\u2019\u00e9l\u00e8ves et d\u2019\u00e9tudiants\u00a0: <a href=\"https:\/\/www.actufape.org\/\">https:\/\/www.actufape.org\/<\/a><\/p>\n<p><strong>FNEPE :<\/strong> F\u00e9d\u00e9ration Nationale des Ecoles des Parents et des Educateurs :\u00a0<a href=\"http:\/\/www.ecoledesparents.org\">http:\/\/www.ecoledesparents.org<\/a>\/<\/p>\n<p><strong>RESF :\u00a0<\/strong>R\u00e9seau \u00c9ducation Sans Fronti\u00e8re <a href=\"http:\/\/www.educationsansfrontieres.org\/\">http:\/\/www.educationsansfrontieres.org\/<\/a><\/p>\n<p><strong>UNESCO<\/strong> :\u00a0<a href=\"http:\/\/www.unesco.org\/en\/ngo\">www.unesco.org\/en\/ngo<\/a><\/p>\n<p><strong>UNICEF <\/strong>:\u00a0<a href=\"http:\/\/http :\/\/www.unicef.org\/\">http:\/\/http :\/\/www.unicef.org\/<\/a><\/p>\n<p>&nbsp;<\/p>\n","protected":false},"excerpt":{"rendered":"<p>AEDE, Agir ensemble pour les droits de l\u2019enfant : www.collectif-aede.org &amp; Page Facebook : www.facebook.com\/collectifaede Association Ma\u00efa (Burkina-Faso) : http:\/\/www.associationmaia.org\/\u00a0 &amp;\u00a0 www.maia-suisse.ch Conseil de l\u2019Europe : http:\/\/www.coe.int\/fr\/web\/portal\/home DEI-F : D\u00e9fense des Enfants International\u00a0: \u00a0http:\/\/www.dei-france.org\/-Contacts-.html D\u00e9fenseur des Droits : http:\/\/www.defenseurdesdroits.fr\/ FAPE: F\u00e9d\u00e9ration Africaine des associations des parents d\u2019\u00e9l\u00e8ves et d\u2019\u00e9tudiants\u00a0: https:\/\/www.actufape.org\/ FNEPE : F\u00e9d\u00e9ration Nationale des\u2026 <span class=\"read-more\"><a href=\"https:\/\/fiep-ifpe.org\/index.php\/liens-utiles\/\">Lire la suite &raquo;<\/a><\/span><\/p>\n","protected":false},"author":1,"featured_media":0,"parent":0,"menu_order":0,"comment_status":"closed","ping_status":"closed","template":"","meta":[],"_links":{"self":[{"href":"https:\/\/fiep-ifpe.org\/index.php\/wp-json\/wp\/v2\/pages\/94"}],"collection":[{"href":"https:\/\/fiep-ifpe.org\/index.php\/wp-json\/wp\/v2\/pages"}],"about":[{"href":"https:\/\/fiep-ifpe.org\/index.php\/wp-json\/wp\/v2\/types\/page"}],"author":[{"embeddable":true,"href":"https:\/\/fiep-ifpe.org\/index.php\/wp-json\/wp\/v2\/users\/1"}],"replies":[{"embeddable":true,"href":"https:\/\/fiep-ifpe.org\/index.php\/wp-json\/wp\/v2\/comments?post=94"}],"version-history":[{"count":1,"href":"https:\/\/fiep-ifpe.org\/index.php\/wp-json\/wp\/v2\/pages\/94\/revisions"}],"predecessor-version":[{"id":369,"href":"https:\/\/fiep-ifpe.org\/index.php\/wp-json\/wp\/v2\/pages\/94\/revisions\/369"}],"wp:attachment":[{"href":"https:\/\/fiep-ifpe.org\/index.php\/wp-json\/wp\/v2\/media?parent=94"}],"curies":[{"name":"wp","href":"https:\/\/api.w.org\/{rel}","templated":true}]}}